{"id":356,"date":"2025-11-13T10:49:16","date_gmt":"2025-11-13T10:49:16","guid":{"rendered":"https:\/\/belimtronic.com\/wp\/?post_type=product&#038;p=356"},"modified":"2025-11-13T10:50:24","modified_gmt":"2025-11-13T10:50:24","slug":"camera-reseau-a-dome-fixe-4-mp-smart-hybrid-light","status":"publish","type":"product","link":"https:\/\/belimtronic.com\/wp\/produit\/camera-reseau-a-dome-fixe-4-mp-smart-hybrid-light\/","title":{"rendered":"Cam\u00e9ra r\u00e9seau \u00e0 d\u00f4me fixe 4 MP Smart Hybrid Light DS-2CD1143G2-LIU(F)"},"content":{"rendered":"<ul class=\"product_description_item-list\">\n<li class=\"product_description_item\">Image de haute qualit\u00e9 avec une r\u00e9solution de 4\u00a0MP<\/li>\n<li class=\"product_description_item\">d\u00e9tection des personnes et des v\u00e9hicules<\/li>\n<li class=\"product_description_item\">Lumi\u00e8re hybride intelligente\u00a0: technologie avanc\u00e9e avec longue port\u00e9e<\/li>\n<li class=\"product_description_item\">Microphone int\u00e9gr\u00e9 pour une s\u00e9curit\u00e9 audio en temps r\u00e9el<\/li>\n<li class=\"product_description_item\">Technologie de compression H.265+ efficace<\/li>\n<li class=\"product_description_item\">Prise en charge d&rsquo;un stockage embarqu\u00e9 jusqu&rsquo;\u00e0 512 Go (emplacement pour carte SD) (en option)<\/li>\n<li class=\"product_description_item\">R\u00e9sistant \u00e0 l\u2019eau et \u00e0 la poussi\u00e8re (IP67) et au vandalisme (IK08)<\/li>\n<\/ul>\n","protected":false},"excerpt":{"rendered":"<h2 class=\"title hidden\">DS-2CD1143G2-LIU(F)<\/h2>\n","protected":false},"featured_media":360,"comment_status":"open","ping_status":"closed","template":"","meta":{"pagelayer_contact_templates":[],"_pagelayer_content":""},"product_brand":[33],"product_cat":[34],"product_tag":[],"class_list":{"0":"post-356","1":"product","2":"type-product","3":"status-publish","4":"has-post-thumbnail","6":"product_brand-hikvision","7":"product_cat-videosurveillance","9":"first","10":"instock","11":"taxable","12":"shipping-taxable","13":"product-type-simple"},"jetpack_sharing_enabled":true,"_links":{"self":[{"href":"https:\/\/belimtronic.com\/wp\/wp-json\/wp\/v2\/product\/356","targetHints":{"allow":["GET"]}}],"collection":[{"href":"https:\/\/belimtronic.com\/wp\/wp-json\/wp\/v2\/product"}],"about":[{"href":"https:\/\/belimtronic.com\/wp\/wp-json\/wp\/v2\/types\/product"}],"replies":[{"embeddable":true,"href":"https:\/\/belimtronic.com\/wp\/wp-json\/wp\/v2\/comments?post=356"}],"wp:featuredmedia":[{"embeddable":true,"href":"https:\/\/belimtronic.com\/wp\/wp-json\/wp\/v2\/media\/360"}],"wp:attachment":[{"href":"https:\/\/belimtronic.com\/wp\/wp-json\/wp\/v2\/media?parent=356"}],"wp:term":[{"taxonomy":"product_brand","embeddable":true,"href":"https:\/\/belimtronic.com\/wp\/wp-json\/wp\/v2\/product_brand?post=356"},{"taxonomy":"product_cat","embeddable":true,"href":"https:\/\/belimtronic.com\/wp\/wp-json\/wp\/v2\/product_cat?post=356"},{"taxonomy":"product_tag","embeddable":true,"href":"https:\/\/belimtronic.com\/wp\/wp-json\/wp\/v2\/product_tag?post=356"}],"curies":[{"name":"wp","href":"https:\/\/api.w.org\/{rel}","templated":true}]}}