{"id":424,"date":"2025-11-13T11:36:12","date_gmt":"2025-11-13T11:36:12","guid":{"rendered":"https:\/\/belimtronic.com\/wp\/?post_type=product&#038;p=424"},"modified":"2025-11-13T11:36:12","modified_gmt":"2025-11-13T11:36:12","slug":"disque-dur-8tb-ds80hkvs-vx1","status":"publish","type":"product","link":"https:\/\/belimtronic.com\/wp\/produit\/disque-dur-8tb-ds80hkvs-vx1\/","title":{"rendered":"Disque dur 8Tb DS80HKVS-VX1"},"content":{"rendered":"<pre id=\"tw-target-text\" class=\"tw-data-text tw-text-large tw-ta\" dir=\"ltr\" tabindex=\"-1\" role=\"text\" data-placeholder=\"Traduction\" data-ved=\"2ahUKEwihiI-3g--QAxUJpCcCHR6iJAgQ3ewLegQIChAV\" aria-label=\"Texte traduit\u00a0: Caract\u00e9ristiques principales\r\n\r\n\u2022 Format standard 3,5 pouces (26,1 mm de hauteur)\r\n\r\n\u2022 Performances \u00e0 7\u00a0200 tr\/min, interface SATA 6 Gbit\/s\r\n\r\n\u2022 Format standard 3,5 pouces\r\n\r\n\u2022 Con\u00e7u pour un fonctionnement continu (24h\/24 et 7j\/7)\r\n\r\n\u2022 M\u00e9moire cache de 512 Mo pour un enregistrement vid\u00e9o fluide et une r\u00e9duction des pertes d'images\r\n\r\n\u2022 Capacit\u00e9 de transfert annuelle de 550 To\"><strong><span class=\"Y2IQFc\" lang=\"fr\">Format standard 3,5 pouces (26,1 mm de hauteur)\r\n\r\n\u2022 Performances \u00e0 7\u00a0200 tr\/min, interface SATA 6 Gbit\/s\r\n\r\n\u2022 Format standard 3,5 pouces\r\n\r\n\u2022 Con\u00e7u pour un fonctionnement continu (24h\/24 et 7j\/7)\r\n\r\n\u2022 M\u00e9moire cache de 512 Mo pour un enregistrement vid\u00e9o fluide et une r\u00e9duction des pertes d'images\r\n\r\n\u2022 Capacit\u00e9 de transfert annuelle de 550 To<\/span><\/strong><\/pre>\n","protected":false},"excerpt":{"rendered":"<p>Format standard 3,5 pouces (26,1 mm de hauteur) \u2022 Performances \u00e0 7\u00a0200 tr\/min, interface SATA 6 Gbit\/s \u2022 Format standard 3,5 pouces \u2022 Con\u00e7u pour un fonctionnement continu (24h\/24 et 7j\/7) \u2022 M\u00e9moire cache de 512 Mo pour un enregistrement vid\u00e9o fluide et une r\u00e9duction des pertes d&rsquo;images \u2022 Capacit\u00e9 de transfert annuelle de 550 [&hellip;]<\/p>\n","protected":false},"featured_media":427,"comment_status":"open","ping_status":"closed","template":"","meta":{"pagelayer_contact_templates":[],"_pagelayer_content":""},"product_brand":[33],"product_cat":[35],"product_tag":[],"class_list":{"0":"post-424","1":"product","2":"type-product","3":"status-publish","4":"has-post-thumbnail","6":"product_brand-hikvision","7":"product_cat-reseau-informatique-et-cablage","9":"first","10":"instock","11":"taxable","12":"shipping-taxable","13":"product-type-simple"},"jetpack_sharing_enabled":true,"_links":{"self":[{"href":"https:\/\/belimtronic.com\/wp\/wp-json\/wp\/v2\/product\/424","targetHints":{"allow":["GET"]}}],"collection":[{"href":"https:\/\/belimtronic.com\/wp\/wp-json\/wp\/v2\/product"}],"about":[{"href":"https:\/\/belimtronic.com\/wp\/wp-json\/wp\/v2\/types\/product"}],"replies":[{"embeddable":true,"href":"https:\/\/belimtronic.com\/wp\/wp-json\/wp\/v2\/comments?post=424"}],"wp:featuredmedia":[{"embeddable":true,"href":"https:\/\/belimtronic.com\/wp\/wp-json\/wp\/v2\/media\/427"}],"wp:attachment":[{"href":"https:\/\/belimtronic.com\/wp\/wp-json\/wp\/v2\/media?parent=424"}],"wp:term":[{"taxonomy":"product_brand","embeddable":true,"href":"https:\/\/belimtronic.com\/wp\/wp-json\/wp\/v2\/product_brand?post=424"},{"taxonomy":"product_cat","embeddable":true,"href":"https:\/\/belimtronic.com\/wp\/wp-json\/wp\/v2\/product_cat?post=424"},{"taxonomy":"product_tag","embeddable":true,"href":"https:\/\/belimtronic.com\/wp\/wp-json\/wp\/v2\/product_tag?post=424"}],"curies":[{"name":"wp","href":"https:\/\/api.w.org\/{rel}","templated":true}]}}